{"id":247,"date":"2018-10-30T18:16:26","date_gmt":"2018-10-30T18:16:26","guid":{"rendered":"https:\/\/the7.io\/g-business\/?page_id=247"},"modified":"2020-04-27T13:27:23","modified_gmt":"2020-04-27T13:27:23","slug":"sobre-nosotros","status":"publish","type":"page","link":"https:\/\/polideportivocarlostaule.com\/?page_id=247","title":{"rendered":"Sobre Nosotros"},"content":{"rendered":"<div class=\"wpb-content-wrapper\"><p>[vc_row][vc_column]<div id=\"ultimate-heading-463869f2c2fe3aa2b\" class=\"uvc-heading ult-adjust-bottom-margin ultimate-heading-463869f2c2fe3aa2b uvc-3277 \" data-hspacer=\"no_spacer\"  data-halign=\"center\" style=\"text-align:center\"><div class=\"uvc-heading-spacer no_spacer\" style=\"top\"><\/div><div class=\"uvc-main-heading ult-responsive\"  data-ultimate-target='.uvc-heading.ultimate-heading-463869f2c2fe3aa2b h2'  data-responsive-json-new='{\"font-size\":\"desktop:40px;\",\"line-height\":\"\"}' ><h2 style=\"--font-weight:theme;\">Con\u00f3cenos<\/h2><\/div><\/div>[vc_empty_space][\/vc_column][\/vc_row][vc_row][vc_column][vc_row_inner][vc_column_inner width=\u00bb1\/2&#8243;][vc_column_text]<\/p>\n<p style=\"text-align: justify;\">Formamos parte de una empresa especializada en la gesti\u00f3n Deportiva. Nuestra oferta de actividades dirigidas de cardio, tonificaci\u00f3n, junto con nuestra sala de Fitness, dos pistas de p\u00e1del y pista polideportiva, nos convierte en tu mejor aliado para ponerte y mantenerte en forma.<\/p>\n<p>En nuestro centro contamos con Instalaciones modernas, con equipamiento de \u00faltima generaci\u00f3n y al mejor precio para que todos nuestros clientes puedan disfrutar del ejercicio al m\u00e1ximo.<\/p>\n<p>&nbsp;<\/p>\n<p><a class=\"wp-block-button__link has-text-color has-background\" style=\"background-color: #1fa9e5; color: #ffffff;\" href=\"https:\/\/polideportivocarlostaule.com\/?page_id=1288\">Mas informaci\u00f3n<\/a>[\/vc_column_text][\/vc_column_inner][vc_column_inner width=\u00bb1\/2&#8243;]<style type=\"text\/css\" data-type=\"the7_shortcodes-inline-css\">.shortcode-single-image-wrap.shortcode-single-image-9c2f196b6b6cac994cfcc0b40d7e1224.enable-bg-rollover .rollover i,\n.shortcode-single-image-wrap.shortcode-single-image-9c2f196b6b6cac994cfcc0b40d7e1224.enable-bg-rollover .rollover-video i {\n  background: ;\n  background: -webkit-linear-gradient();\n  background: linear-gradient();\n}\n.shortcode-single-image-wrap.shortcode-single-image-9c2f196b6b6cac994cfcc0b40d7e1224 .rollover-icon {\n  font-size: 32px;\n  color: #ffffff;\n  min-width: 44px;\n  min-height: 44px;\n  line-height: 44px;\n  border-radius: 100px;\n  border-style: solid;\n  border-width: 0px;\n}\n.dt-icon-bg-on.shortcode-single-image-wrap.shortcode-single-image-9c2f196b6b6cac994cfcc0b40d7e1224 .rollover-icon {\n  background: rgba(255,255,255,0.3);\n  box-shadow: none;\n}<\/style><div class=\"shortcode-single-image-wrap shortcode-single-image-9c2f196b6b6cac994cfcc0b40d7e1224 alignnone  enable-bg-rollover dt-icon-bg-off\" style=\"margin-top:0px; margin-bottom:0px; margin-left:0px; margin-right:0px; width:550px;\"><div class=\"shortcode-single-image\"><div class=\"fancy-media-wrap  layzr-bg\" style=\"\"><img fetchpriority=\"high\" decoding=\"async\" class=\"preload-me lazy-load aspect\" src=\"data:image\/svg+xml,%3Csvg%20xmlns%3D&#39;http%3A%2F%2Fwww.w3.org%2F2000%2Fsvg&#39;%20viewBox%3D&#39;0%200%20550%20366&#39;%2F%3E\" data-src=\"https:\/\/polideportivocarlostaule.com\/wp-content\/uploads\/2020\/04\/padel-2-550x366.jpg\" data-srcset=\"https:\/\/polideportivocarlostaule.com\/wp-content\/uploads\/2020\/04\/padel-2-550x366.jpg 550w, https:\/\/polideportivocarlostaule.com\/wp-content\/uploads\/2020\/04\/padel-2-1100x732.jpg 1100w\" loading=\"eager\" sizes=\"(max-width: 550px) 100vw, 550px\" width=\"550\" height=\"366\"  data-dt-location=\"https:\/\/polideportivocarlostaule.com\/?attachment_id=57689\" style=\"--ratio: 550 \/ 366;\" alt=\"\" \/><\/div><\/div><\/div>[\/vc_column_inner][\/vc_row_inner][\/vc_column][\/vc_row][vc_row][vc_column][vc_empty_space][\/vc_column][\/vc_row][vc_row][vc_column]\n\t\t\t<!-- START Slider 1 REVOLUTION SLIDER 6.7.38 --><p class=\"rs-p-wp-fix\"><\/p>\n\t\t\t<rs-module-wrap id=\"rev_slider_21_1_wrapper\" data-source=\"gallery\" style=\"visibility:hidden;background:transparent;padding:0;margin:0px auto;margin-top:0;margin-bottom:0;\">\n\t\t\t\t<rs-module id=\"rev_slider_21_1\" style=\"\" data-version=\"6.7.38\">\n\t\t\t\t\t<rs-slides style=\"overflow: hidden; position: absolute;\">\n\t\t\t\t\t\t<rs-slide style=\"position: absolute;\" data-key=\"rs-46\" data-title=\"Slide\" data-anim=\"ms:1000;r:0;\" data-in=\"o:0;\" data-out=\"a:false;\" data-mediafilter=\"perpetua\">\n\t\t\t\t\t\t\t<img decoding=\"async\" src=\"\/\/polideportivocarlostaule.com\/wp-content\/plugins\/revslider\/sr6\/assets\/assets\/dummy.png\" alt=\"\" title=\"mancuernas 2\" width=\"1920\" height=\"1285\" class=\"rev-slidebg tp-rs-img rs-lazyload\" data-lazyload=\"\/\/polideportivocarlostaule.com\/wp-content\/uploads\/2020\/04\/mancuernas-2.jpg\" data-no-retina>\n<!--\n\t\t\t\t\t\t\t--><rs-layer\n\t\t\t\t\t\t\t\tid=\"slider-21-slide-46-layer-0\" \n\t\t\t\t\t\t\t\tdata-type=\"text\"\n\t\t\t\t\t\t\t\tdata-color=\"#ffbb00\"\n\t\t\t\t\t\t\t\tdata-rsp_ch=\"on\"\n\t\t\t\t\t\t\t\tdata-xy=\"x:362px;y:135px;\"\n\t\t\t\t\t\t\t\tdata-text=\"w:normal;s:50;l:40;ls:1;fw:500;\"\n\t\t\t\t\t\t\t\tdata-dim=\"w:802px;minh:0px;\"\n\t\t\t\t\t\t\t\tdata-frame_0=\"sX:0.9;sY:0.9;\"\n\t\t\t\t\t\t\t\tdata-frame_1=\"e:power2.inOut;sp:1000;\"\n\t\t\t\t\t\t\t\tdata-frame_999=\"o:0;st:w;\"\n\t\t\t\t\t\t\t\tstyle=\"z-index:5;font-family:'Roboto';\"\n\t\t\t\t\t\t\t>\u00bfA que esperas? Ven y conocenos para empezar a ponerte en forma! \n\t\t\t\t\t\t\t<\/rs-layer><!--\n-->\t\t\t\t\t<\/rs-slide>\n\t\t\t\t\t<\/rs-slides>\n\t\t\t\t<\/rs-module>\n\t\t\t\t<script>\n\t\t\t\t\tsetREVStartSize({c: 'rev_slider_21_1',rl:[1240,1024,778,480],el:[350],gw:[1400],gh:[350],type:'hero',justify:'',layout:'fullwidth',mh:\"0\"});if (window.RS_MODULES!==undefined && window.RS_MODULES.modules!==undefined && window.RS_MODULES.modules[\"revslider211\"]!==undefined) {window.RS_MODULES.modules[\"revslider211\"].once = false;window.revapi21 = undefined;if (window.RS_MODULES.checkMinimal!==undefined) window.RS_MODULES.checkMinimal()}\n\t\t\t\t<\/script>\n\t\t\t<\/rs-module-wrap>\n\t\t\t<!-- END REVOLUTION SLIDER -->\n[\/vc_column][\/vc_row][vc_row][vc_column][vc_empty_space height=\u00bb64px\u00bb]<div id=\"ultimate-heading-377669f2c2fe3de15\" class=\"uvc-heading ult-adjust-bottom-margin ultimate-heading-377669f2c2fe3de15 uvc-4682  uvc-heading-default-font-sizes\" data-hspacer=\"no_spacer\"  data-halign=\"center\" style=\"text-align:center\"><div class=\"uvc-heading-spacer no_spacer\" style=\"top\"><\/div><div class=\"uvc-main-heading ult-responsive\"  data-ultimate-target='.uvc-heading.ultimate-heading-377669f2c2fe3de15 h2'  data-responsive-json-new='{\"font-size\":\"\",\"line-height\":\"\"}' ><h2 style=\"--font-weight:theme;\">Relaciones<\/h2><\/div><\/div>[vc_empty_space height=\u00bb16px\u00bb][vc_row_inner equal_height=\u00bbyes\u00bb content_placement=\u00bbmiddle\u00bb][vc_column_inner width=\u00bb1\/3&#8243;]<style type=\"text\/css\" data-type=\"the7_shortcodes-inline-css\">.shortcode-single-image-wrap.shortcode-single-image-7d2a5a70ba0264805825eead09d92df8.enable-bg-rollover .rollover i,\n.shortcode-single-image-wrap.shortcode-single-image-7d2a5a70ba0264805825eead09d92df8.enable-bg-rollover .rollover-video i {\n  background: ;\n  background: -webkit-linear-gradient();\n  background: linear-gradient();\n}\n.shortcode-single-image-wrap.shortcode-single-image-7d2a5a70ba0264805825eead09d92df8 .rollover-icon {\n  font-size: 32px;\n  color: #ffffff;\n  min-width: 44px;\n  min-height: 44px;\n  line-height: 44px;\n  border-radius: 100px;\n  border-style: solid;\n  border-width: 0px;\n}\n.dt-icon-bg-on.shortcode-single-image-wrap.shortcode-single-image-7d2a5a70ba0264805825eead09d92df8 .rollover-icon {\n  background: rgba(255,255,255,0.3);\n  box-shadow: none;\n}<\/style><div class=\"shortcode-single-image-wrap shortcode-single-image-7d2a5a70ba0264805825eead09d92df8 alignnone fadeInUp animate-element  enable-bg-rollover dt-icon-bg-off\" style=\"margin-top:0px; margin-bottom:0px; margin-left:0px; margin-right:0px; width:300px;\"><div class=\"shortcode-single-image\"><div class=\"fancy-media-wrap  layzr-bg\" style=\"\"><img decoding=\"async\" class=\"preload-me lazy-load aspect\" src=\"data:image\/svg+xml,%3Csvg%20xmlns%3D&#39;http%3A%2F%2Fwww.w3.org%2F2000%2Fsvg&#39;%20viewBox%3D&#39;0%200%20300%20300&#39;%2F%3E\" data-src=\"https:\/\/polideportivocarlostaule.com\/wp-content\/uploads\/2020\/04\/oropesa-del-mar-tu-meta-300x300.jpg\" data-srcset=\"https:\/\/polideportivocarlostaule.com\/wp-content\/uploads\/2020\/04\/oropesa-del-mar-tu-meta-300x300.jpg 300w, https:\/\/polideportivocarlostaule.com\/wp-content\/uploads\/2020\/04\/oropesa-del-mar-tu-meta.jpg 420w\" loading=\"eager\" sizes=\"(max-width: 300px) 100vw, 300px\" width=\"300\" height=\"300\"  data-dt-location=\"https:\/\/polideportivocarlostaule.com\/?attachment_id=57693\" style=\"--ratio: 300 \/ 300;\" alt=\"\" \/><\/div><\/div><\/div>[\/vc_column_inner][vc_column_inner width=\u00bb1\/3&#8243;]<style type=\"text\/css\" data-type=\"the7_shortcodes-inline-css\">.shortcode-single-image-wrap.shortcode-single-image-0ea8416ac83dcfe7032c717d77bbb7fa.enable-bg-rollover .rollover i,\n.shortcode-single-image-wrap.shortcode-single-image-0ea8416ac83dcfe7032c717d77bbb7fa.enable-bg-rollover .rollover-video i {\n  background: ;\n  background: -webkit-linear-gradient();\n  background: linear-gradient();\n}\n.shortcode-single-image-wrap.shortcode-single-image-0ea8416ac83dcfe7032c717d77bbb7fa .rollover-icon {\n  font-size: 32px;\n  color: #ffffff;\n  min-width: 44px;\n  min-height: 44px;\n  line-height: 44px;\n  border-radius: 100px;\n  border-style: solid;\n  border-width: 0px;\n}\n.dt-icon-bg-on.shortcode-single-image-wrap.shortcode-single-image-0ea8416ac83dcfe7032c717d77bbb7fa .rollover-icon {\n  background: rgba(255,255,255,0.3);\n  box-shadow: none;\n}<\/style><div class=\"shortcode-single-image-wrap shortcode-single-image-0ea8416ac83dcfe7032c717d77bbb7fa alignnone fadeInUp animate-element  enable-bg-rollover dt-icon-bg-off\" style=\"margin-top:0px; margin-bottom:0px; margin-left:0px; margin-right:0px; width:300px;\"><div class=\"shortcode-single-image\"><div class=\"fancy-media-wrap  layzr-bg\" style=\"\"><img decoding=\"async\" class=\"preload-me lazy-load aspect\" src=\"data:image\/svg+xml,%3Csvg%20xmlns%3D&#39;http%3A%2F%2Fwww.w3.org%2F2000%2Fsvg&#39;%20viewBox%3D&#39;0%200%20200%20200&#39;%2F%3E\" data-src=\"https:\/\/polideportivocarlostaule.com\/wp-content\/uploads\/2020\/04\/intur-esport.jpg\" data-srcset=\"https:\/\/polideportivocarlostaule.com\/wp-content\/uploads\/2020\/04\/intur-esport.jpg 200w\" loading=\"eager\" sizes=\"(max-width: 200px) 100vw, 200px\" width=\"200\" height=\"200\"  data-dt-location=\"https:\/\/polideportivocarlostaule.com\/?attachment_id=57692\" style=\"--ratio: 200 \/ 200;\" alt=\"\" \/><\/div><\/div><\/div>[\/vc_column_inner][vc_column_inner width=\u00bb1\/3&#8243;]<style type=\"text\/css\" data-type=\"the7_shortcodes-inline-css\">.shortcode-single-image-wrap.shortcode-single-image-ff24712e83cd96e283cd81382f1eefc2.enable-bg-rollover .rollover i,\n.shortcode-single-image-wrap.shortcode-single-image-ff24712e83cd96e283cd81382f1eefc2.enable-bg-rollover .rollover-video i {\n  background: ;\n  background: -webkit-linear-gradient();\n  background: linear-gradient();\n}\n.shortcode-single-image-wrap.shortcode-single-image-ff24712e83cd96e283cd81382f1eefc2 .rollover-icon {\n  font-size: 32px;\n  color: #ffffff;\n  min-width: 44px;\n  min-height: 44px;\n  line-height: 44px;\n  border-radius: 100px;\n  border-style: solid;\n  border-width: 0px;\n}\n.dt-icon-bg-on.shortcode-single-image-wrap.shortcode-single-image-ff24712e83cd96e283cd81382f1eefc2 .rollover-icon {\n  background: rgba(255,255,255,0.3);\n  box-shadow: none;\n}<\/style><div class=\"shortcode-single-image-wrap shortcode-single-image-ff24712e83cd96e283cd81382f1eefc2 alignnone fadeInUp animate-element  enable-bg-rollover dt-icon-bg-off\" style=\"margin-top:0px; margin-bottom:0px; margin-left:0px; margin-right:0px; width:300px;\"><div class=\"shortcode-single-image\"><div class=\"fancy-media-wrap  layzr-bg\" style=\"\"><img decoding=\"async\" class=\"preload-me lazy-load aspect\" src=\"data:image\/svg+xml,%3Csvg%20xmlns%3D&#39;http%3A%2F%2Fwww.w3.org%2F2000%2Fsvg&#39;%20viewBox%3D&#39;0%200%20300%20157&#39;%2F%3E\" data-src=\"https:\/\/polideportivocarlostaule.com\/wp-content\/uploads\/2020\/04\/ayuntamiento-oropesa-1-300x157.jpg\" data-srcset=\"https:\/\/polideportivocarlostaule.com\/wp-content\/uploads\/2020\/04\/ayuntamiento-oropesa-1-300x157.jpg 300w, https:\/\/polideportivocarlostaule.com\/wp-content\/uploads\/2020\/04\/ayuntamiento-oropesa-1-514x268.jpg 514w\" loading=\"eager\" sizes=\"(max-width: 300px) 100vw, 300px\" width=\"300\" height=\"157\"  data-dt-location=\"https:\/\/polideportivocarlostaule.com\/?attachment_id=57695\" style=\"--ratio: 300 \/ 157;\" alt=\"\" \/><\/div><\/div><\/div>[\/vc_column_inner][\/vc_row_inner][\/vc_column][\/vc_row]<\/p>\n<\/div>","protected":false},"excerpt":{"rendered":"<p>[vc_row][vc_column][vc_empty_space][\/vc_column][\/vc_row][vc_row][vc_column][vc_row_inner][vc_column_inner width=\u00bb1\/2&#8243;][vc_column_text] Formamos parte de una empresa especializada en la gesti\u00f3n Deportiva. Nuestra oferta de actividades dirigidas de cardio, tonificaci\u00f3n, junto con nuestra sala de Fitness, dos pistas de p\u00e1del y pista polideportiva, nos convierte en tu mejor aliado para ponerte y mantenerte en forma. En nuestro centro contamos con Instalaciones modernas, con equipamiento de&hellip;<\/p>\n","protected":false},"author":1,"featured_media":0,"parent":0,"menu_order":10,"comment_status":"closed","ping_status":"closed","template":"","meta":{"footnotes":""},"class_list":["post-247","page","type-page","status-publish","hentry","description-off"],"_links":{"self":[{"href":"https:\/\/polideportivocarlostaule.com\/index.php?rest_route=\/wp\/v2\/pages\/247","targetHints":{"allow":["GET"]}}],"collection":[{"href":"https:\/\/polideportivocarlostaule.com\/index.php?rest_route=\/wp\/v2\/pages"}],"about":[{"href":"https:\/\/polideportivocarlostaule.com\/index.php?rest_route=\/wp\/v2\/types\/page"}],"author":[{"embeddable":true,"href":"https:\/\/polideportivocarlostaule.com\/index.php?rest_route=\/wp\/v2\/users\/1"}],"replies":[{"embeddable":true,"href":"https:\/\/polideportivocarlostaule.com\/index.php?rest_route=%2Fwp%2Fv2%2Fcomments&post=247"}],"version-history":[{"count":38,"href":"https:\/\/polideportivocarlostaule.com\/index.php?rest_route=\/wp\/v2\/pages\/247\/revisions"}],"predecessor-version":[{"id":58026,"href":"https:\/\/polideportivocarlostaule.com\/index.php?rest_route=\/wp\/v2\/pages\/247\/revisions\/58026"}],"wp:attachment":[{"href":"https:\/\/polideportivocarlostaule.com\/index.php?rest_route=%2Fwp%2Fv2%2Fmedia&parent=247"}],"curies":[{"name":"wp","href":"https:\/\/api.w.org\/{rel}","templated":true}]}}